{"id":182,"date":"2024-05-17T20:18:08","date_gmt":"2024-05-17T20:18:08","guid":{"rendered":"http:\/\/studio.datanito.com\/storfy\/?page_id=182"},"modified":"2026-01-12T11:08:13","modified_gmt":"2026-01-12T11:08:13","slug":"about-us","status":"publish","type":"page","link":"https:\/\/methni-prosound.com\/index.php\/about-us\/","title":{"rendered":"About Us"},"content":{"rendered":"\t\t<div data-elementor-type=\"wp-page\" data-elementor-id=\"182\" class=\"elementor elementor-182\">\n\t\t\t\t<div class=\"elementor-element elementor-element-d114cc6 e-flex e-con-boxed e-con e-parent\" data-id=\"d114cc6\" data-element_type=\"container\">\n\t\t\t\t\t<div class=\"e-con-inner\">\n\t\t\t\t<div class=\"elementor-element elementor-element-f76d73c elementor-widget elementor-widget-main-hero\" data-id=\"f76d73c\" data-element_type=\"widget\" data-widget_type=\"main-hero.default\">\n\t\t\t\t<div class=\"elementor-widget-container\">\n\t\t\t\r\n        <section class=\"hero-section #FFFFFF dark:bg-gray-900 rounded-xl\">\r\n            <div class=\"grid max-w-screen-xl px-4 py-8 mx-auto lg:gap-8 lg:py-16 lg:grid-cols-12\">\r\n                <div class=\"hidden lg:mt-0 lg:col-span-5 lg:flex\">\r\n                    <img decoding=\"async\" src=\"https:\/\/methni-prosound.com\/wp-content\/uploads\/2026\/01\/unnamed-8.webp\" alt=\"mockup\" class=\"object-cover\" style=\"width: 400px; height: 300px;\" loading=\"lazy\">\r\n                <\/div>\r\n                <div class=\"mr-auto place-self-center lg:col-span-7\">\r\n                    <h1 class=\"hero-title max-w-2xl mb-4 text-4xl font-extrabold tracking-tight leading-none md:text-5xl xl:text-6xl dark:text-white\">\r\n                        Pr\u00e9sentation de la soci\u00e9t\u00e9                    <\/h1>\r\n                    <p class=\"hero-description max-w-2xl mb-6 font-light text-gray-500 lg:mb-8 md:text-lg lg:text-xl dark:text-gray-400\">\r\n                        Fond\u00e9e en 1979 par Mokhtar Methni, Methni ProSound est une entreprise tunisienne sp\u00e9cialis\u00e9e dans la fabrication d\u2019instruments de musique innovants.\nD\u00e8s sa cr\u00e9ation, la marque s\u2019est distingu\u00e9e par l\u2019originalit\u00e9 de ses conceptions et sa capacit\u00e9 \u00e0 r\u00e9pondre aux attentes exigeantes des musiciens professionnels comme amateurs.\n\nMethni ProSound s\u2019appuie sur un savoir-faire artisanal solide, enrichi par l\u2019int\u00e9gration de technologies modernes, pour concevoir des instruments alliant innovation, qualit\u00e9 sonore et performance. Cette approche unique a permis \u00e0 la marque de cr\u00e9er des instruments reconnus \u00e0 l\u2019\u00e9chelle internationale pour leur conception novatrice et leur excellence musicale.\n\nToujours tourn\u00e9e vers l\u2019innovation, Methni ProSound a pr\u00e9sent\u00e9 en avant-premi\u00e8re mondiale sa nouvelle gamme d\u2019instruments hybrides lors du Musikmesse 2008 de Francfort, confirmant ainsi sa place parmi les acteurs cr\u00e9atifs majeurs de la facture instrumentale moderne.                    <\/p>\r\n                    <div class=\"text-left space-y-4 md:space-y-0\">\r\n                        <a href=\"https:\/\/maps.app.goo.gl\/iozELq1Xq2suSarw8\" class=\"hero-button inline-flex items-center justify-center px-5 py-3 mr-3 text-base font-medium text-center rounded-full\">\r\n                            Visiter  notre Showroom                            <svg class=\"w-5 h-5 ml-2 -mr-1\" fill=\"currentColor\" viewBox=\"0 0 20 20\" xmlns=\"http:\/\/www.w3.org\/2000\/svg\">\r\n                                <path fill-rule=\"evenodd\" d=\"M10.293 3.293a1 1 0 011.414 0l6 6a1 1 0 010 1.414l-6 6a1 1 0 01-1.414-1.414L14.586 11H3a1 1 0 110-2h11.586l-4.293-4.293a1 1 0 010-1.414z\" clip-rule=\"evenodd\"><\/path>\r\n                            <\/svg>\r\n                        <\/a>\r\n                        <a href=\"https:\/\/mail.google.com\/mail\/?view=cm&#038;fs=1&#038;to=mokhtar.meth@gmail.com\" class=\"second-hero-button inline-flex items-center justify-center px-5 py-3 text-base font-medium text-center rounded-full\">\r\n                            Nous Contacter                         <\/a>\r\n                    <\/div>\r\n                <\/div>\r\n            <\/div>\r\n        <\/section>\r\n\r\n        \t\t<\/div>\n\t\t\t\t<\/div>\n\t\t\t\t\t<\/div>\n\t\t\t\t<\/div>\n\t\t<div class=\"elementor-element elementor-element-d992d88 e-con-full e-flex e-con e-parent\" data-id=\"d992d88\" data-element_type=\"container\">\n\t\t\t\t<div class=\"elementor-element elementor-element-cc9052a elementor-widget elementor-widget-marquee-left-animation\" data-id=\"cc9052a\" data-element_type=\"widget\" data-widget_type=\"marquee-left-animation.default\">\n\t\t\t\t<div class=\"elementor-widget-container\">\n\t\t\t        \r\n                         <div class=\"marquee-section\">\r\n                    <div class=\"marquee-wrap\">\r\n            <div class=\"marquee-text\"><span>New Product Launch<\/span><i aria-hidden=\"true\" class=\"bi bi-asterisk\"><\/i><\/div><div class=\"marquee-text\"><span>Exclusive Offers<\/span><i aria-hidden=\"true\" class=\"bi bi-asterisk\"><\/i><\/div><div class=\"marquee-text\"><span>Customer Support<\/span><i aria-hidden=\"true\" class=\"bi bi-asterisk\"><\/i><\/div><div class=\"marquee-text\"><span>New Product Launch<\/span><i aria-hidden=\"true\" class=\"bi bi-asterisk\"><\/i><\/div><div class=\"marquee-text\"><span>Exclusive Offers<\/span><i aria-hidden=\"true\" class=\"bi bi-asterisk\"><\/i><\/div><div class=\"marquee-text\"><span>Customer Support<\/span><i aria-hidden=\"true\" class=\"bi bi-asterisk\"><\/i><\/div><div class=\"marquee-text\"><span>New Product Launch<\/span><i aria-hidden=\"true\" class=\"bi bi-asterisk\"><\/i><\/div>        <\/div>\r\n                <\/div>\r\n                            \r\n                        \r\n            \r\n        \t\t<\/div>\n\t\t\t\t<\/div>\n\t\t\t\t<\/div>\n\t\t<div class=\"elementor-element elementor-element-28fe8ba e-flex e-con-boxed e-con e-parent\" data-id=\"28fe8ba\" data-element_type=\"container\">\n\t\t\t\t\t<div class=\"e-con-inner\">\n\t\t\t\t<div class=\"elementor-element elementor-element-c445ae6 elementor-widget elementor-widget-video\" data-id=\"c445ae6\" data-element_type=\"widget\" data-settings=\"{&quot;video_type&quot;:&quot;hosted&quot;,&quot;controls&quot;:&quot;yes&quot;}\" data-widget_type=\"video.default\">\n\t\t\t\t<div class=\"elementor-widget-container\">\n\t\t\t\t\t<div class=\"e-hosted-video elementor-wrapper elementor-open-inline\">\n\t\t\t\t\t<video class=\"elementor-video\" src=\"https:\/\/methni-prosound.com\/wp-content\/uploads\/2026\/01\/Design-sans-titre-48.mp4\" controls=\"\" preload=\"metadata\" controlsList=\"nodownload\"><\/video>\n\t\t\t\t<\/div>\n\t\t\t\t<\/div>\n\t\t\t\t<\/div>\n\t\t\t\t\t<\/div>\n\t\t\t\t<\/div>\n\t\t<div class=\"elementor-element elementor-element-9440443 e-flex e-con-boxed e-con e-parent\" data-id=\"9440443\" data-element_type=\"container\">\n\t\t\t\t\t<div class=\"e-con-inner\">\n\t\t\t\t<div class=\"elementor-element elementor-element-092ee10 elementor-widget elementor-widget-storfy-heading\" data-id=\"092ee10\" data-element_type=\"widget\" data-widget_type=\"storfy-heading.default\">\n\t\t\t\t<div class=\"elementor-widget-container\">\n\t\t\t\r\n        <div class=\"center\">\r\n\r\n          <h3 class=\" \">Company Timeline<\/h3>       \r\n\r\n        <\/div>\r\n\r\n        \t\t<\/div>\n\t\t\t\t<\/div>\n\t\t\t\t<div class=\"elementor-element elementor-element-5f43414 elementor-widget elementor-widget-sty-timeline\" data-id=\"5f43414\" data-element_type=\"widget\" data-widget_type=\"sty-timeline.default\">\n\t\t\t\t<div class=\"elementor-widget-container\">\n\t\t\t\r\n        <!-- Start rendering the output -->\r\n\r\n        <div class=\"main-timeline position-relative\">\r\n                  <div class=\"timeline-item\">\r\n            <div class=\"date-content\">\r\n              <div class=\"date\">\r\n                  The Beginning\n\n                <\/div>\r\n            <\/div>\r\n            <div class=\"timeline-icon\">\r\n              <i aria-hidden=\"true\" class=\"bi bi-at\"><\/i>            <\/div>\r\n            <div class=\"timeline-content col-md\">\r\n              <h4>1979<\/h4>\r\n              <p><strong>Early Days<\/strong>: Methni Prosound started in a small garage with a handful of dedicated individuals passionate about innovation.<\/p>  \r\n            <\/div>\r\n          <\/div>\r\n                    <div class=\"timeline-item\">\r\n            <div class=\"date-content\">\r\n              <div class=\"date\">\r\n                  Expansion and Growth                <\/div>\r\n            <\/div>\r\n            <div class=\"timeline-icon\">\r\n              <i aria-hidden=\"true\" class=\"bi bi-broadcast\"><\/i>            <\/div>\r\n            <div class=\"timeline-content col-md\">\r\n              <h4>2000<\/h4>\r\n              <p><strong>Office Expansion<\/strong>: With growing demand for its products, Methni Prousound expanded its operations and moved into a larger office space, which serves as the SonoMusic showroom in Charguia 1. products to countries such as Morocco and Algeria.<\/p>  \r\n            <\/div>\r\n          <\/div>\r\n                    <div class=\"timeline-item\">\r\n            <div class=\"date-content\">\r\n              <div class=\"date\">\r\n                  First Breakthrough                <\/div>\r\n            <\/div>\r\n            <div class=\"timeline-icon\">\r\n              <i aria-hidden=\"true\" class=\"bi bi-arrow-counterclockwise\"><\/i>            <\/div>\r\n            <div class=\"timeline-content col-md\">\r\n              <h4>2008<\/h4>\r\n              <p>Methni ProSound unveiled its new range of hybrid instruments in a world premiere at Musikmesse 2008 in Frankfurt, confirming its position as a leading creative player in modern instrument making.<\/p>  \r\n            <\/div>\r\n          <\/div>\r\n                    <div class=\"timeline-item\">\r\n            <div class=\"date-content\">\r\n              <div class=\"date\">\r\n                  Major Milestones\n\n                <\/div>\r\n            <\/div>\r\n            <div class=\"timeline-icon\">\r\n              <i aria-hidden=\"true\" class=\"bi bi-back\"><\/i>            <\/div>\r\n            <div class=\"timeline-content col-md\">\r\n              <h4>2018<\/h4>\r\n              <p><strong>International Expansion<\/strong>: Due to increasing demand, Methni Prousound expanded its operations into a larger office and began exporting its products to different countries, including Morocco and Algeria.<\/p>  \r\n            <\/div>\r\n          <\/div>\r\n                    <div class=\"timeline-item\">\r\n            <div class=\"date-content\">\r\n              <div class=\"date\">\r\n                  Factory Renovation                <\/div>\r\n            <\/div>\r\n            <div class=\"timeline-icon\">\r\n              <i aria-hidden=\"true\" class=\"bi bi-broadcast\"><\/i>            <\/div>\r\n            <div class=\"timeline-content col-md\">\r\n              <h4>2024<\/h4>\r\n              <p><strong>Market Leadership<\/strong>: Methni Prosound is recognized as a market leader, known for its commitment to excellence, customer satisfaction, and innovation.<\/p>  \r\n            <\/div>\r\n          <\/div>\r\n                    <div class=\"timeline-item\">\r\n            <div class=\"date-content\">\r\n              <div class=\"date\">\r\n                   Present Day                <\/div>\r\n            <\/div>\r\n            <div class=\"timeline-icon\">\r\n              <i aria-hidden=\"true\" class=\"bi bi-command\"><\/i>            <\/div>\r\n            <div class=\"timeline-content col-md\">\r\n              <h4>2026<\/h4>\r\n              <p><strong>Market Leadership<\/strong>: Today, Methni Prosound is recognized as a market leader, known for its commitment to excellence, customer satisfaction, after-sales service, and innovation, and for distributing products to schools and private institutions.<\/p>  \r\n            <\/div>\r\n          <\/div>\r\n                <\/div>\r\n\r\n        <!-- End rendering the output -->\r\n\r\n\r\n\r\n        \t\t<\/div>\n\t\t\t\t<\/div>\n\t\t\t\t\t<\/div>\n\t\t\t\t<\/div>\n\t\t\t\t<\/div>\n\t\t","protected":false},"excerpt":{"rendered":"<p>Pr\u00e9sentation de la soci\u00e9t\u00e9 Fond\u00e9e en 1979 par Mokhtar Methni, Methni ProSound est une entreprise tunisienne sp\u00e9cialis\u00e9e dans la fabrication d\u2019instruments de musique innovants. D\u00e8s sa cr\u00e9ation, la marque s\u2019est distingu\u00e9e par l\u2019originalit\u00e9 de ses conceptions et sa capacit\u00e9 \u00e0 r\u00e9pondre aux attentes exigeantes des musiciens professionnels comme amateurs. Methni ProSound s\u2019appuie sur un savoir-faire [&hellip;]<\/p>\n","protected":false},"author":1,"featured_media":0,"parent":0,"menu_order":0,"comment_status":"closed","ping_status":"closed","template":"template-elementor.php","meta":{"_acf_changed":false,"footnotes":""},"class_list":["post-182","page","type-page","status-publish","hentry"],"acf":[],"aioseo_notices":[],"_links":{"self":[{"href":"https:\/\/methni-prosound.com\/index.php\/wp-json\/wp\/v2\/pages\/182","targetHints":{"allow":["GET"]}}],"collection":[{"href":"https:\/\/methni-prosound.com\/index.php\/wp-json\/wp\/v2\/pages"}],"about":[{"href":"https:\/\/methni-prosound.com\/index.php\/wp-json\/wp\/v2\/types\/page"}],"author":[{"embeddable":true,"href":"https:\/\/methni-prosound.com\/index.php\/wp-json\/wp\/v2\/users\/1"}],"replies":[{"embeddable":true,"href":"https:\/\/methni-prosound.com\/index.php\/wp-json\/wp\/v2\/comments?post=182"}],"version-history":[{"count":28,"href":"https:\/\/methni-prosound.com\/index.php\/wp-json\/wp\/v2\/pages\/182\/revisions"}],"predecessor-version":[{"id":3198,"href":"https:\/\/methni-prosound.com\/index.php\/wp-json\/wp\/v2\/pages\/182\/revisions\/3198"}],"wp:attachment":[{"href":"https:\/\/methni-prosound.com\/index.php\/wp-json\/wp\/v2\/media?parent=182"}],"curies":[{"name":"wp","href":"https:\/\/api.w.org\/{rel}","templated":true}]}}