{"id":2805,"date":"2024-12-13T10:12:56","date_gmt":"2024-12-13T10:12:56","guid":{"rendered":"https:\/\/methni-prosound.com\/?post_type=product&#038;p=2805"},"modified":"2026-01-11T00:18:23","modified_gmt":"2026-01-11T00:18:23","slug":"zokra-tunisienne","status":"publish","type":"product","link":"https:\/\/methni-prosound.com\/index.php\/product\/zokra-tunisienne\/","title":{"rendered":"Zokra Tunisienne"},"content":{"rendered":"<h3>Zokra Tunisienne<\/h3>\n<hr \/>\n<h4>Pr\u00e9sentation<\/h4>\n<p>La Zokra tunisienne, embl\u00e9matique de la musique populaire en Tunisie, est l\u2019un des instruments les plus jou\u00e9s dans ce style musical. Tr\u00e8s pris\u00e9e pour son timbre unique, elle est \u00e9galement adopt\u00e9e par des musiciens contemporains qui l\u2019int\u00e8grent \u00e0 divers genres musicaux modernes, enrichissant ainsi leurs compositions avec des sonorit\u00e9s authentiques et traditionnelles.<\/p>\n<hr \/>\n<h4>Specifications<\/h4>\n<ul>\n<li>Longueur: 30 cm<\/li>\n<li>Diam\u00e8tre de l&#8217;ouverture: 10 cm,<\/li>\n<li>Fabriqu\u00e9 en bois<\/li>\n<li>1 an de garantie contre tout d\u00e9faut de fabrication<\/li>\n<li>Made in Tunisia<\/li>\n<\/ul>\n<p>&nbsp;<\/p>\n","protected":false},"excerpt":{"rendered":"<p>Zokra Tunisienne Pr\u00e9sentation La Zokra tunisienne, embl\u00e9matique de la musique populaire en Tunisie, est l\u2019un des instruments les plus jou\u00e9s dans ce style musical. Tr\u00e8s pris\u00e9e pour son timbre unique, elle est \u00e9galement adopt\u00e9e par des musiciens contemporains qui l\u2019int\u00e8grent \u00e0 divers genres musicaux modernes, enrichissant ainsi leurs compositions avec des sonorit\u00e9s authentiques et traditionnelles. [&hellip;]<\/p>\n","protected":false},"featured_media":3042,"comment_status":"open","ping_status":"closed","template":"","meta":{"_acf_changed":false},"product_brand":[],"product_cat":[67],"product_tag":[],"class_list":{"0":"post-2805","1":"product","2":"type-product","3":"status-publish","4":"has-post-thumbnail","6":"product_cat-zokra","8":"first","9":"instock","10":"shipping-taxable","11":"product-type-simple"},"acf":[],"aioseo_notices":[],"_links":{"self":[{"href":"https:\/\/methni-prosound.com\/index.php\/wp-json\/wp\/v2\/product\/2805","targetHints":{"allow":["GET"]}}],"collection":[{"href":"https:\/\/methni-prosound.com\/index.php\/wp-json\/wp\/v2\/product"}],"about":[{"href":"https:\/\/methni-prosound.com\/index.php\/wp-json\/wp\/v2\/types\/product"}],"replies":[{"embeddable":true,"href":"https:\/\/methni-prosound.com\/index.php\/wp-json\/wp\/v2\/comments?post=2805"}],"wp:featuredmedia":[{"embeddable":true,"href":"https:\/\/methni-prosound.com\/index.php\/wp-json\/wp\/v2\/media\/3042"}],"wp:attachment":[{"href":"https:\/\/methni-prosound.com\/index.php\/wp-json\/wp\/v2\/media?parent=2805"}],"wp:term":[{"taxonomy":"product_brand","embeddable":true,"href":"https:\/\/methni-prosound.com\/index.php\/wp-json\/wp\/v2\/product_brand?post=2805"},{"taxonomy":"product_cat","embeddable":true,"href":"https:\/\/methni-prosound.com\/index.php\/wp-json\/wp\/v2\/product_cat?post=2805"},{"taxonomy":"product_tag","embeddable":true,"href":"https:\/\/methni-prosound.com\/index.php\/wp-json\/wp\/v2\/product_tag?post=2805"}],"curies":[{"name":"wp","href":"https:\/\/api.w.org\/{rel}","templated":true}]}}