{"id":2824,"date":"2024-12-13T12:00:09","date_gmt":"2024-12-13T12:00:09","guid":{"rendered":"https:\/\/methni-prosound.com\/?post_type=product&#038;p=2824"},"modified":"2026-01-12T14:09:26","modified_gmt":"2026-01-12T14:09:26","slug":"collection-de-percussion-prestige-edition-limitee","status":"publish","type":"product","link":"https:\/\/methni-prosound.com\/index.php\/product\/collection-de-percussion-prestige-edition-limitee\/","title":{"rendered":"Collection de percussion Prestige edition limit\u00e9e"},"content":{"rendered":"<p><strong>Collection Prestige edition limit\u00e9e\u00a0<\/strong><\/p>\n<p><strong>Pr\u00e9sentation<\/strong><\/p>\n<p>Cette collection limit\u00e9e est un ensemble d&#8217;instruments de percussion magnifiquement d\u00e9cor\u00e9s avec des motifs g\u00e9om\u00e9triques complexes en bois. Elle comprend une darbouka orientale, darbouka Folklorique et un tar orn\u00e9.<\/p>\n<p>&nbsp;<\/p>\n","protected":false},"excerpt":{"rendered":"<p>Cette collection limit\u00e9e est un ensemble d&#8217;instruments de percussion magnifiquement d\u00e9cor\u00e9s avec des motifs g\u00e9om\u00e9triques complexes en bois. Elle comprend une darbouka orientale, darbouka Folklorique et un tar orn\u00e9.<\/p>\n","protected":false},"featured_media":2825,"comment_status":"open","ping_status":"closed","template":"","meta":{"_acf_changed":false},"product_brand":[],"product_cat":[78],"product_tag":[],"class_list":{"0":"post-2824","1":"product","2":"type-product","3":"status-publish","4":"has-post-thumbnail","6":"product_cat-collection-edition-limitee","8":"first","9":"instock","10":"shipping-taxable","11":"product-type-simple"},"acf":[],"aioseo_notices":[],"_links":{"self":[{"href":"https:\/\/methni-prosound.com\/index.php\/wp-json\/wp\/v2\/product\/2824","targetHints":{"allow":["GET"]}}],"collection":[{"href":"https:\/\/methni-prosound.com\/index.php\/wp-json\/wp\/v2\/product"}],"about":[{"href":"https:\/\/methni-prosound.com\/index.php\/wp-json\/wp\/v2\/types\/product"}],"replies":[{"embeddable":true,"href":"https:\/\/methni-prosound.com\/index.php\/wp-json\/wp\/v2\/comments?post=2824"}],"wp:featuredmedia":[{"embeddable":true,"href":"https:\/\/methni-prosound.com\/index.php\/wp-json\/wp\/v2\/media\/2825"}],"wp:attachment":[{"href":"https:\/\/methni-prosound.com\/index.php\/wp-json\/wp\/v2\/media?parent=2824"}],"wp:term":[{"taxonomy":"product_brand","embeddable":true,"href":"https:\/\/methni-prosound.com\/index.php\/wp-json\/wp\/v2\/product_brand?post=2824"},{"taxonomy":"product_cat","embeddable":true,"href":"https:\/\/methni-prosound.com\/index.php\/wp-json\/wp\/v2\/product_cat?post=2824"},{"taxonomy":"product_tag","embeddable":true,"href":"https:\/\/methni-prosound.com\/index.php\/wp-json\/wp\/v2\/product_tag?post=2824"}],"curies":[{"name":"wp","href":"https:\/\/api.w.org\/{rel}","templated":true}]}}