{"id":2827,"date":"2024-12-13T13:35:25","date_gmt":"2024-12-13T13:35:25","guid":{"rendered":"https:\/\/methni-prosound.com\/?post_type=product&#038;p=2827"},"modified":"2026-01-11T00:14:00","modified_gmt":"2026-01-11T00:14:00","slug":"bendir-traditionnel-diam-16","status":"publish","type":"product","link":"https:\/\/methni-prosound.com\/index.php\/product\/bendir-traditionnel-diam-16\/","title":{"rendered":"Bendir traditionnel diam\u00e8tre 16&#8243;"},"content":{"rendered":"<p><strong>Bendir &#8211; Style traditionnel<\/strong><\/p>\n<p><strong>Pr\u00e9sentation<\/strong><\/p>\n<p>Ce Bendir est le choix des musiciens professionnels pour sa qualit\u00e9 sonore et sa fiabilit\u00e9. Il est l&#8217;instrument de pr\u00e9dilection pour accompagner la musique andalouse, gnawa, berb\u00e8re et bien d&#8217;autres styles musicaux. Que vous soyez sur sc\u00e8ne, en studio d&#8217;enregistrement ou dans un contexte de cours de musique, le Bendir professionnel r\u00e9pondra \u00e0 vos attentes.<\/p>\n<p><strong>Specifications<\/strong><\/p>\n<ul>\n<li>Peau : ch\u00e8vre<\/li>\n<li>Diam\u00e8tre :\u00a040 cm<\/li>\n<li>Made In Tunisia<\/li>\n<li>1 an de garantie contre tout d\u00e9faut de fabrication<\/li>\n<li>1 an de garantie contre tout d\u00e9faut de fabrication<\/li>\n<li>Made in Tunisia<\/li>\n<\/ul>\n","protected":false},"excerpt":{"rendered":"<p>Le CajonBendir est parfait pour ceux qui souhaitent ajouter de la diversit\u00e9 \u00e0 leur jeu percussif tout en explorant de nouvelles sonorit\u00e9s.<\/p>\n","protected":false},"featured_media":2828,"comment_status":"open","ping_status":"closed","template":"","meta":{"_acf_changed":false},"product_brand":[],"product_cat":[39,75],"product_tag":[],"class_list":{"0":"post-2827","1":"product","2":"type-product","3":"status-publish","4":"has-post-thumbnail","6":"product_cat-bendir","7":"product_cat-bendir-traditionnel","9":"first","10":"instock","11":"shipping-taxable","12":"product-type-simple"},"acf":[],"aioseo_notices":[],"_links":{"self":[{"href":"https:\/\/methni-prosound.com\/index.php\/wp-json\/wp\/v2\/product\/2827","targetHints":{"allow":["GET"]}}],"collection":[{"href":"https:\/\/methni-prosound.com\/index.php\/wp-json\/wp\/v2\/product"}],"about":[{"href":"https:\/\/methni-prosound.com\/index.php\/wp-json\/wp\/v2\/types\/product"}],"replies":[{"embeddable":true,"href":"https:\/\/methni-prosound.com\/index.php\/wp-json\/wp\/v2\/comments?post=2827"}],"wp:featuredmedia":[{"embeddable":true,"href":"https:\/\/methni-prosound.com\/index.php\/wp-json\/wp\/v2\/media\/2828"}],"wp:attachment":[{"href":"https:\/\/methni-prosound.com\/index.php\/wp-json\/wp\/v2\/media?parent=2827"}],"wp:term":[{"taxonomy":"product_brand","embeddable":true,"href":"https:\/\/methni-prosound.com\/index.php\/wp-json\/wp\/v2\/product_brand?post=2827"},{"taxonomy":"product_cat","embeddable":true,"href":"https:\/\/methni-prosound.com\/index.php\/wp-json\/wp\/v2\/product_cat?post=2827"},{"taxonomy":"product_tag","embeddable":true,"href":"https:\/\/methni-prosound.com\/index.php\/wp-json\/wp\/v2\/product_tag?post=2827"}],"curies":[{"name":"wp","href":"https:\/\/api.w.org\/{rel}","templated":true}]}}