{"id":3029,"date":"2025-02-10T13:16:12","date_gmt":"2025-02-10T13:16:12","guid":{"rendered":"https:\/\/methni-prosound.com\/?post_type=product&#038;p=3029"},"modified":"2025-02-10T13:25:28","modified_gmt":"2025-02-10T13:25:28","slug":"oud-acoustique-pro-touche-ebene","status":"publish","type":"product","link":"https:\/\/methni-prosound.com\/index.php\/product\/oud-acoustique-pro-touche-ebene\/","title":{"rendered":"Oud acoustique  touche \u00e9b\u00e8ne d\u00e9cor\u00e9 en nacres caisse fibre de verre"},"content":{"rendered":"","protected":false},"excerpt":{"rendered":"","protected":false},"featured_media":3030,"comment_status":"open","ping_status":"closed","template":"","meta":{"_acf_changed":false},"product_brand":[],"product_cat":[33,73],"product_tag":[],"class_list":{"0":"post-3029","1":"product","2":"type-product","3":"status-publish","4":"has-post-thumbnail","6":"product_cat-oud","7":"product_cat-oud-acoustique","9":"first","10":"instock","11":"shipping-taxable","12":"product-type-simple"},"acf":[],"aioseo_notices":[],"_links":{"self":[{"href":"https:\/\/methni-prosound.com\/index.php\/wp-json\/wp\/v2\/product\/3029","targetHints":{"allow":["GET"]}}],"collection":[{"href":"https:\/\/methni-prosound.com\/index.php\/wp-json\/wp\/v2\/product"}],"about":[{"href":"https:\/\/methni-prosound.com\/index.php\/wp-json\/wp\/v2\/types\/product"}],"replies":[{"embeddable":true,"href":"https:\/\/methni-prosound.com\/index.php\/wp-json\/wp\/v2\/comments?post=3029"}],"wp:featuredmedia":[{"embeddable":true,"href":"https:\/\/methni-prosound.com\/index.php\/wp-json\/wp\/v2\/media\/3030"}],"wp:attachment":[{"href":"https:\/\/methni-prosound.com\/index.php\/wp-json\/wp\/v2\/media?parent=3029"}],"wp:term":[{"taxonomy":"product_brand","embeddable":true,"href":"https:\/\/methni-prosound.com\/index.php\/wp-json\/wp\/v2\/product_brand?post=3029"},{"taxonomy":"product_cat","embeddable":true,"href":"https:\/\/methni-prosound.com\/index.php\/wp-json\/wp\/v2\/product_cat?post=3029"},{"taxonomy":"product_tag","embeddable":true,"href":"https:\/\/methni-prosound.com\/index.php\/wp-json\/wp\/v2\/product_tag?post=3029"}],"curies":[{"name":"wp","href":"https:\/\/api.w.org\/{rel}","templated":true}]}}