{"id":3045,"date":"2025-03-21T08:45:41","date_gmt":"2025-03-21T08:45:41","guid":{"rendered":"https:\/\/methni-prosound.com\/?post_type=product&#038;p=3045"},"modified":"2026-01-10T23:45:42","modified_gmt":"2026-01-10T23:45:42","slug":"oud-professionnel-decore-en-nacres","status":"publish","type":"product","link":"https:\/\/methni-prosound.com\/index.php\/product\/oud-professionnel-decore-en-nacres\/","title":{"rendered":"OUD PROFESSIONNEL DECORE EN NACRES"},"content":{"rendered":"<p>Oud de haute qualit\u00e9, dot\u00e9 d\u2019une finition soign\u00e9e et d\u2019un design raffin\u00e9. Sa table d\u2019harmonie en bois clair est orn\u00e9e de rosaces finement sculpt\u00e9es, tandis que son fond bomb\u00e9 pr\u00e9sente une marqueterie \u00e9l\u00e9gante aux motifs g\u00e9om\u00e9triques.<\/p>\n","protected":false},"excerpt":{"rendered":"<p>Oud de haute qualit\u00e9, dot\u00e9 d\u2019une finition soign\u00e9e et d\u2019un design raffin\u00e9. Sa table d\u2019harmonie en bois clair est orn\u00e9e de rosaces finement sculpt\u00e9es, tandis que son fond bomb\u00e9 pr\u00e9sente une marqueterie \u00e9l\u00e9gante aux motifs g\u00e9om\u00e9triques.<\/p>\n","protected":false},"featured_media":3046,"comment_status":"open","ping_status":"closed","template":"","meta":{"_acf_changed":false},"product_brand":[],"product_cat":[33,73],"product_tag":[],"class_list":{"0":"post-3045","1":"product","2":"type-product","3":"status-publish","4":"has-post-thumbnail","6":"product_cat-oud","7":"product_cat-oud-acoustique","9":"first","10":"instock","11":"shipping-taxable","12":"product-type-simple"},"acf":[],"aioseo_notices":[],"_links":{"self":[{"href":"https:\/\/methni-prosound.com\/index.php\/wp-json\/wp\/v2\/product\/3045","targetHints":{"allow":["GET"]}}],"collection":[{"href":"https:\/\/methni-prosound.com\/index.php\/wp-json\/wp\/v2\/product"}],"about":[{"href":"https:\/\/methni-prosound.com\/index.php\/wp-json\/wp\/v2\/types\/product"}],"replies":[{"embeddable":true,"href":"https:\/\/methni-prosound.com\/index.php\/wp-json\/wp\/v2\/comments?post=3045"}],"wp:featuredmedia":[{"embeddable":true,"href":"https:\/\/methni-prosound.com\/index.php\/wp-json\/wp\/v2\/media\/3046"}],"wp:attachment":[{"href":"https:\/\/methni-prosound.com\/index.php\/wp-json\/wp\/v2\/media?parent=3045"}],"wp:term":[{"taxonomy":"product_brand","embeddable":true,"href":"https:\/\/methni-prosound.com\/index.php\/wp-json\/wp\/v2\/product_brand?post=3045"},{"taxonomy":"product_cat","embeddable":true,"href":"https:\/\/methni-prosound.com\/index.php\/wp-json\/wp\/v2\/product_cat?post=3045"},{"taxonomy":"product_tag","embeddable":true,"href":"https:\/\/methni-prosound.com\/index.php\/wp-json\/wp\/v2\/product_tag?post=3045"}],"curies":[{"name":"wp","href":"https:\/\/api.w.org\/{rel}","templated":true}]}}