{"id":3058,"date":"2025-08-30T09:37:44","date_gmt":"2025-08-30T09:37:44","guid":{"rendered":"https:\/\/methni-prosound.com\/?post_type=product&#038;p=3058"},"modified":"2026-01-11T20:29:06","modified_gmt":"2026-01-11T20:29:06","slug":"bendir-cajon","status":"publish","type":"product","link":"https:\/\/methni-prosound.com\/index.php\/product\/bendir-cajon\/","title":{"rendered":"Cajon professionnel habillage en toile \u00e9dition limit\u00e9e"},"content":{"rendered":"<ul>\n<li>Fabriqu\u00e9\u00a0\u00e0\u00a0partir\u00a0de plaques de\u00a0fr\u00eane\u00a0et acajou<\/li>\n<li>Habillage en toile<\/li>\n<li>Timbre avec\u00a0cordes\u00a0r\u00e9glables<\/li>\n<li>Dimensions:\u00a045 x 30 x 30 cm<\/li>\n<li>Made in Tunisia<\/li>\n<\/ul>\n","protected":false},"excerpt":{"rendered":"<p>Ce Caj\u00f3n d&#8217;\u00c9tude est construit de mani\u00e8re solide pour r\u00e9sister aux rigueurs de l&#8217;apprentissage. Le corps en bois est robuste et peut supporter de nombreuses heures de jeu, tout en offrant une r\u00e9sonance et une projection sonore excellentes.<\/p>\n<p>Disponible en plusieurs motifs<\/p>\n[video width=\"1144\" height=\"1144\" mp4=\"https:\/\/methni-prosound.com\/wp-content\/uploads\/2026\/01\/Prosound-5.mp4\"][\/video]\n","protected":false},"featured_media":3085,"comment_status":"open","ping_status":"closed","template":"","meta":{"_acf_changed":false},"product_brand":[],"product_cat":[65],"product_tag":[],"class_list":{"0":"post-3058","1":"product","2":"type-product","3":"status-publish","4":"has-post-thumbnail","6":"product_cat-cajon","8":"first","9":"instock","10":"shipping-taxable","11":"product-type-simple"},"acf":[],"aioseo_notices":[],"_links":{"self":[{"href":"https:\/\/methni-prosound.com\/index.php\/wp-json\/wp\/v2\/product\/3058","targetHints":{"allow":["GET"]}}],"collection":[{"href":"https:\/\/methni-prosound.com\/index.php\/wp-json\/wp\/v2\/product"}],"about":[{"href":"https:\/\/methni-prosound.com\/index.php\/wp-json\/wp\/v2\/types\/product"}],"replies":[{"embeddable":true,"href":"https:\/\/methni-prosound.com\/index.php\/wp-json\/wp\/v2\/comments?post=3058"}],"wp:featuredmedia":[{"embeddable":true,"href":"https:\/\/methni-prosound.com\/index.php\/wp-json\/wp\/v2\/media\/3085"}],"wp:attachment":[{"href":"https:\/\/methni-prosound.com\/index.php\/wp-json\/wp\/v2\/media?parent=3058"}],"wp:term":[{"taxonomy":"product_brand","embeddable":true,"href":"https:\/\/methni-prosound.com\/index.php\/wp-json\/wp\/v2\/product_brand?post=3058"},{"taxonomy":"product_cat","embeddable":true,"href":"https:\/\/methni-prosound.com\/index.php\/wp-json\/wp\/v2\/product_cat?post=3058"},{"taxonomy":"product_tag","embeddable":true,"href":"https:\/\/methni-prosound.com\/index.php\/wp-json\/wp\/v2\/product_tag?post=3058"}],"curies":[{"name":"wp","href":"https:\/\/api.w.org\/{rel}","templated":true}]}}