{"id":3060,"date":"2025-08-30T09:42:59","date_gmt":"2025-08-30T09:42:59","guid":{"rendered":"https:\/\/methni-prosound.com\/?post_type=product&#038;p=3060"},"modified":"2026-01-11T17:50:09","modified_gmt":"2026-01-11T17:50:09","slug":"darbouka-folk-light-6l4-peinture-craquele-et-vernis-brillant","status":"publish","type":"product","link":"https:\/\/methni-prosound.com\/index.php\/product\/darbouka-folk-light-6l4-peinture-craquele-et-vernis-brillant\/","title":{"rendered":"Darbouka Folk Light Peinture craquel\u00e9 et vernis brillant"},"content":{"rendered":"<ul>\n<li>Structure: Con\u00e7ue en mat\u00e9riaux solides comme le poly\u00e9thyl\u00e8ne et le polyamide, offrant une excellente r\u00e9sistance aux chocs et \u00e0 l\u2019usure tout en restant l\u00e9g\u00e8re.<\/li>\n<li>Peinture craquel\u00e9 et vernis brillant<\/li>\n<li>Accessoires inclus: \u00e9tui rembourr\u00e9 et une cl\u00e9 .<\/li>\n<li>1 an de garantie contre tout d\u00e9faut de fabrication<\/li>\n<li>Made in Tunisia<\/li>\n<\/ul>\n","protected":false},"excerpt":{"rendered":"[video width=\"1144\" height=\"1144\" mp4=\"https:\/\/methni-prosound.com\/wp-content\/uploads\/2025\/08\/Prosound-2.mp4\"][\/video]\n","protected":false},"featured_media":3061,"comment_status":"open","ping_status":"closed","template":"","meta":{"_acf_changed":false},"product_brand":[],"product_cat":[24,70],"product_tag":[],"class_list":{"0":"post-3060","1":"product","2":"type-product","3":"status-publish","4":"has-post-thumbnail","6":"product_cat-darbouka","7":"product_cat-darbouka-folklorique","9":"first","10":"instock","11":"shipping-taxable","12":"product-type-simple"},"acf":[],"aioseo_notices":[],"_links":{"self":[{"href":"https:\/\/methni-prosound.com\/index.php\/wp-json\/wp\/v2\/product\/3060","targetHints":{"allow":["GET"]}}],"collection":[{"href":"https:\/\/methni-prosound.com\/index.php\/wp-json\/wp\/v2\/product"}],"about":[{"href":"https:\/\/methni-prosound.com\/index.php\/wp-json\/wp\/v2\/types\/product"}],"replies":[{"embeddable":true,"href":"https:\/\/methni-prosound.com\/index.php\/wp-json\/wp\/v2\/comments?post=3060"}],"wp:featuredmedia":[{"embeddable":true,"href":"https:\/\/methni-prosound.com\/index.php\/wp-json\/wp\/v2\/media\/3061"}],"wp:attachment":[{"href":"https:\/\/methni-prosound.com\/index.php\/wp-json\/wp\/v2\/media?parent=3060"}],"wp:term":[{"taxonomy":"product_brand","embeddable":true,"href":"https:\/\/methni-prosound.com\/index.php\/wp-json\/wp\/v2\/product_brand?post=3060"},{"taxonomy":"product_cat","embeddable":true,"href":"https:\/\/methni-prosound.com\/index.php\/wp-json\/wp\/v2\/product_cat?post=3060"},{"taxonomy":"product_tag","embeddable":true,"href":"https:\/\/methni-prosound.com\/index.php\/wp-json\/wp\/v2\/product_tag?post=3060"}],"curies":[{"name":"wp","href":"https:\/\/api.w.org\/{rel}","templated":true}]}}