{"id":3084,"date":"2026-01-11T18:30:32","date_gmt":"2026-01-11T18:30:32","guid":{"rendered":"https:\/\/methni-prosound.com\/?post_type=product&#038;p=3084"},"modified":"2026-01-11T20:26:16","modified_gmt":"2026-01-11T20:26:16","slug":"cajonbendir-copy","status":"publish","type":"product","link":"https:\/\/methni-prosound.com\/index.php\/product\/cajonbendir-copy\/","title":{"rendered":"CajonBendir"},"content":{"rendered":"<p><strong>CajonBendir &#8211; Style Oriental, L\u00e9g\u00e8ret\u00e9 et R\u00e9sistance<\/strong><\/p>\n<p><strong>Pr\u00e9sentation<\/strong><\/p>\n<p>Le CajonBendir est parfait pour ceux qui souhaitent ajouter de la diversit\u00e9 \u00e0 leur jeu percussif tout en explorant de nouvelles sonorit\u00e9s. Que vous soyez dans un cadre traditionnel ou plus moderne, il apportera une touche unique \u00e0 vos performances musicales.<\/p>\n<p><strong>Specifications<\/strong><\/p>\n<ul>\n<li>Design hybride : mariage entre la structure classique du cajon et la membrane tendue du bendir, cr\u00e9ant un son puissant et percussif.<\/li>\n<li>Mat\u00e9riaux de qualit\u00e9 : fabriqu\u00e9 en bois robuste pour garantir une r\u00e9sonance chaleureuse et durable, avec une finition soign\u00e9e.<\/li>\n<li>Sonorit\u00e9 polyvalente : produit une gamme de sons riches, du claquement aigu du cajon au son plus r\u00e9sonnant du bendir, offrant des possibilit\u00e9s de jeu \u00e9tendues.<\/li>\n<li>Facilit\u00e9 de transport : compact et l\u00e9ger, id\u00e9al pour les musiciens en d\u00e9placement.<\/li>\n<li>R\u00e9glage de tension : permet de personnaliser la tension de la peau pour ajuster la tonalit\u00e9 selon les pr\u00e9f\u00e9rences du musicien.<\/li>\n<li>1 an de garantie contre tout d\u00e9faut de fabrication<\/li>\n<li>Made in Tunisia<\/li>\n<\/ul>\n","protected":false},"excerpt":{"rendered":"<p>Le CajonBendir, notre innovation exclusive, est parfait pour ceux qui souhaitent ajouter de la diversit\u00e9 \u00e0 leur jeu percussif tout en explorant de nouvelles sonorit\u00e9s.<\/p>\n[video width=\"1144\" height=\"1144\" mp4=\"https:\/\/methni-prosound.com\/wp-content\/uploads\/2026\/01\/Prosound-7.mp4\"][\/video]\n","protected":false},"featured_media":2610,"comment_status":"open","ping_status":"closed","template":"","meta":{"_acf_changed":false},"product_brand":[],"product_cat":[65],"product_tag":[],"class_list":{"0":"post-3084","1":"product","2":"type-product","3":"status-publish","4":"has-post-thumbnail","6":"product_cat-cajon","8":"first","9":"instock","10":"shipping-taxable","11":"product-type-simple"},"acf":[],"aioseo_notices":[],"_links":{"self":[{"href":"https:\/\/methni-prosound.com\/index.php\/wp-json\/wp\/v2\/product\/3084","targetHints":{"allow":["GET"]}}],"collection":[{"href":"https:\/\/methni-prosound.com\/index.php\/wp-json\/wp\/v2\/product"}],"about":[{"href":"https:\/\/methni-prosound.com\/index.php\/wp-json\/wp\/v2\/types\/product"}],"replies":[{"embeddable":true,"href":"https:\/\/methni-prosound.com\/index.php\/wp-json\/wp\/v2\/comments?post=3084"}],"wp:featuredmedia":[{"embeddable":true,"href":"https:\/\/methni-prosound.com\/index.php\/wp-json\/wp\/v2\/media\/2610"}],"wp:attachment":[{"href":"https:\/\/methni-prosound.com\/index.php\/wp-json\/wp\/v2\/media?parent=3084"}],"wp:term":[{"taxonomy":"product_brand","embeddable":true,"href":"https:\/\/methni-prosound.com\/index.php\/wp-json\/wp\/v2\/product_brand?post=3084"},{"taxonomy":"product_cat","embeddable":true,"href":"https:\/\/methni-prosound.com\/index.php\/wp-json\/wp\/v2\/product_cat?post=3084"},{"taxonomy":"product_tag","embeddable":true,"href":"https:\/\/methni-prosound.com\/index.php\/wp-json\/wp\/v2\/product_tag?post=3084"}],"curies":[{"name":"wp","href":"https:\/\/api.w.org\/{rel}","templated":true}]}}