{"id":3091,"date":"2026-01-11T20:40:31","date_gmt":"2026-01-11T20:40:31","guid":{"rendered":"https:\/\/methni-prosound.com\/?post_type=product&#038;p=3091"},"modified":"2026-01-11T20:41:04","modified_gmt":"2026-01-11T20:41:04","slug":"pupitre-de-conference-en-bois","status":"publish","type":"product","link":"https:\/\/methni-prosound.com\/index.php\/product\/pupitre-de-conference-en-bois\/","title":{"rendered":"Pupitre de conf\u00e9rence en bois"},"content":{"rendered":"<ul>\n<li><span class=\"TextRun SCXW55624132 BCX0\" lang=\"en-us\" xml:lang=\"en-us\"><span class=\"NormalTextRun SCXW55624132 BCX0\">Dimension\u00a0<\/span><\/span><span class=\"TextRun SCXW55624132 BCX0\" lang=\"en-us\" xml:lang=\"en-us\"><span class=\"NormalTextRun SCXW55624132 BCX0\">Tablette<\/span><\/span><span class=\"TextRun SCXW55624132 BCX0\" lang=\"en-us\" xml:lang=\"en-us\"><span class=\"NormalTextRun SCXW55624132 BCX0\">\u00a0<\/span><\/span><span class=\"TextRun SCXW55624132 BCX0\" lang=\"en-us\" xml:lang=\"en-us\"><span class=\"NormalTextRun SCXW55624132 BCX0\">\u00e9critoire<\/span><\/span><span class=\"TextRun SCXW55624132 BCX0\" lang=\"en-us\" xml:lang=\"en-us\"><span class=\"NormalTextRun SCXW55624132 BCX0\">\u00a0:\u00a049 x 59cm<\/span><\/span><span class=\"EOP SCXW55624132 BCX0\">\u00a0<\/span><\/li>\n<li><span class=\"TextRun SCXW55624132 BCX0\" lang=\"en-us\" xml:lang=\"en-us\"><span class=\"NormalTextRun SCXW55624132 BCX0\">Mat\u00e9riau<\/span><\/span><span class=\"TextRun SCXW55624132 BCX0\" lang=\"en-us\" xml:lang=\"en-us\"><span class=\"NormalTextRun SCXW55624132 BCX0\">\u00a0<\/span><\/span><span class=\"TextRun SCXW55624132 BCX0\" lang=\"en-us\" xml:lang=\"en-us\"><span class=\"NormalTextRun SCXW55624132 BCX0\">tr\u00e8s<\/span><\/span><span class=\"TextRun SCXW55624132 BCX0\" lang=\"en-us\" xml:lang=\"en-us\"><span class=\"NormalTextRun SCXW55624132 BCX0\">\u00a0<\/span><\/span><span class=\"TextRun SCXW55624132 BCX0\" lang=\"en-us\" xml:lang=\"en-us\"><span class=\"NormalTextRun SCXW55624132 BCX0\">r\u00e9sistant<\/span><\/span><span class=\"TextRun SCXW55624132 BCX0\" lang=\"en-us\" xml:lang=\"en-us\"><span class=\"NormalTextRun SCXW55624132 BCX0\">\u00a0aux chocs et\u00a0<\/span><\/span><span class=\"TextRun SCXW55624132 BCX0\" lang=\"en-us\" xml:lang=\"en-us\"><span class=\"NormalTextRun SCXW55624132 BCX0\">rayures<\/span><\/span><span class=\"EOP SCXW55624132 BCX0\">\u00a0<\/span><\/li>\n<li><span class=\"TextRun SCXW55624132 BCX0\" lang=\"en-us\" xml:lang=\"en-us\"><span class=\"NormalTextRun SCXW55624132 BCX0\">Fabrication dans\u00a0<\/span><\/span><span class=\"TextRun SCXW55624132 BCX0\" lang=\"en-us\" xml:lang=\"en-us\"><span class=\"NormalTextRun SCXW55624132 BCX0\">nos<\/span><\/span><span class=\"TextRun SCXW55624132 BCX0\" lang=\"en-us\" xml:lang=\"en-us\"><span class=\"NormalTextRun SCXW55624132 BCX0\">\u00a0ateliers<\/span><\/span><span class=\"EOP SCXW55624132 BCX0\">\u00a0<\/span><\/li>\n<li><span class=\"EOP SCXW55624132 BCX0\">Les accessoires pour pupitre en bois sont destin\u00e9s \u00e0 compl\u00e9ter votre installation : micro, bandeau plexi, liseuse LED, c\u00e2ble, alimentation fant\u00f4me&#8230;<\/span><\/li>\n<li><span class=\"TextRun SCXW55624132 BCX0\" lang=\"en-us\" xml:lang=\"en-us\"><span class=\"NormalTextRun SCXW55624132 BCX0\">1 an de\u00a0<\/span><\/span><span class=\"TextRun SCXW55624132 BCX0\" lang=\"en-us\" xml:lang=\"en-us\"><span class=\"NormalTextRun SCXW55624132 BCX0\">garantie<\/span><\/span><span class=\"TextRun SCXW55624132 BCX0\" lang=\"en-us\" xml:lang=\"en-us\"><span class=\"NormalTextRun SCXW55624132 BCX0\">\u00a0<\/span><\/span><span class=\"TextRun SCXW55624132 BCX0\" lang=\"en-us\" xml:lang=\"en-us\"><span class=\"NormalTextRun SCXW55624132 BCX0\">contre<\/span><\/span><span class=\"TextRun SCXW55624132 BCX0\" lang=\"en-us\" xml:lang=\"en-us\"><span class=\"NormalTextRun SCXW55624132 BCX0\">\u00a0tout\u00a0<\/span><\/span><span class=\"TextRun SCXW55624132 BCX0\" lang=\"en-us\" xml:lang=\"en-us\"><span class=\"NormalTextRun SCXW55624132 BCX0\">d\u00e9faut<\/span><\/span><span class=\"TextRun SCXW55624132 BCX0\" lang=\"en-us\" xml:lang=\"en-us\"><span class=\"NormalTextRun SCXW55624132 BCX0\">\u00a0de fabrication<\/span><\/span><span class=\"EOP SCXW55624132 BCX0\">\u00a0<\/span><\/li>\n<\/ul>\n","protected":false},"excerpt":{"rendered":"<p><span class=\"TextRun SCXW22108544 BCX0\" lang=\"en-us\" xml:lang=\"en-us\"><span class=\"NormalTextRun SCXW22108544 BCX0\">Le\u00a0<\/span><\/span><strong><span class=\"TextRun SCXW22108544 BCX0\" lang=\"en-us\" xml:lang=\"en-us\"><span class=\"NormalTextRun SCXW22108544 BCX0\">pupitre<\/span><\/span><span class=\"TextRun SCXW22108544 BCX0\" lang=\"en-us\" xml:lang=\"en-us\"><span class=\"NormalTextRun SCXW22108544 BCX0\">\u00a0de\u00a0<\/span><\/span><span class=\"TextRun SCXW22108544 BCX0\" lang=\"en-us\" xml:lang=\"en-us\"><span class=\"NormalTextRun SCXW22108544 BCX0\">conf\u00e9rence<\/span><\/span><span class=\"TextRun SCXW22108544 BCX0\" lang=\"en-us\" xml:lang=\"en-us\"><span class=\"NormalTextRun SCXW22108544 BCX0\">\u00a0en\u00a0<\/span><\/span><\/strong><span class=\"TextRun SCXW22108544 BCX0\" lang=\"en-us\" xml:lang=\"en-us\"><span class=\"NormalTextRun SpellingErrorV2 SCXW22108544 BCX0\"><strong>bois<\/strong>\u00a0<\/span><\/span><span class=\"TextRun SCXW22108544 BCX0\" lang=\"en-us\" xml:lang=\"en-us\"><span class=\"NormalTextRun SCXW22108544 BCX0\">est<\/span><\/span><span class=\"TextRun SCXW22108544 BCX0\" lang=\"en-us\" xml:lang=\"en-us\"><span class=\"NormalTextRun SCXW22108544 BCX0\">\u00a0<\/span><\/span><span class=\"TextRun SCXW22108544 BCX0\" lang=\"en-us\" xml:lang=\"en-us\"><span class=\"NormalTextRun SpellingErrorV2 SCXW22108544 BCX0\">id\u00e9al<\/span><\/span><span class=\"TextRun SCXW22108544 BCX0\" lang=\"en-us\" xml:lang=\"en-us\"><span class=\"NormalTextRun SCXW22108544 BCX0\">\u00a0<\/span><\/span><span class=\"TextRun SCXW22108544 BCX0\" lang=\"en-us\" xml:lang=\"en-us\"><span class=\"NormalTextRun SpellingErrorV2 SCXW22108544 BCX0\">lors<\/span><\/span><span class=\"TextRun SCXW22108544 BCX0\" lang=\"en-us\" xml:lang=\"en-us\"><span class=\"NormalTextRun SCXW22108544 BCX0\">\u00a0de\u00a0<\/span><\/span><span class=\"TextRun SCXW22108544 BCX0\" lang=\"en-us\" xml:lang=\"en-us\"><span class=\"NormalTextRun SCXW22108544 BCX0\">discours<\/span><\/span><span class=\"TextRun SCXW22108544 BCX0\" lang=\"en-us\" xml:lang=\"en-us\"><span class=\"NormalTextRun SCXW22108544 BCX0\">, dans\u00a0<\/span><\/span><span class=\"TextRun SCXW22108544 BCX0\" lang=\"en-us\" xml:lang=\"en-us\"><span class=\"NormalTextRun SpellingErrorV2 SCXW22108544 BCX0\">une<\/span><\/span><span class=\"TextRun SCXW22108544 BCX0\" lang=\"en-us\" xml:lang=\"en-us\"><span class=\"NormalTextRun SCXW22108544 BCX0\">\u00a0salle de formation, salle de\u00a0<\/span><\/span><span class=\"TextRun SCXW22108544 BCX0\" lang=\"en-us\" xml:lang=\"en-us\"><span class=\"NormalTextRun SCXW22108544 BCX0\">conf\u00e9rence<\/span><\/span><span class=\"TextRun SCXW22108544 BCX0\" lang=\"en-us\" xml:lang=\"en-us\"><span class=\"NormalTextRun SCXW22108544 BCX0\">\u00a0<\/span><\/span><span class=\"TextRun SCXW22108544 BCX0\" lang=\"en-us\" xml:lang=\"en-us\"><span class=\"NormalTextRun SCXW22108544 BCX0\">ou<\/span><\/span><span class=\"TextRun SCXW22108544 BCX0\" lang=\"en-us\" xml:lang=\"en-us\"><span class=\"NormalTextRun SCXW22108544 BCX0\"> pour un meeting\u00a0\u00a0<\/span><\/span><span class=\"TextRun SCXW243042709 BCX0\" lang=\"en-us\" xml:lang=\"en-us\"><span class=\"NormalTextRun SCXW243042709 BCX0\">Offre<\/span><span class=\"NormalTextRun SCXW243042709 BCX0\">\u00a0un\u00a0<\/span><span class=\"NormalTextRun SCXW243042709 BCX0\">rangement<\/span><span class=\"NormalTextRun SCXW243042709 BCX0\">\u00a0\u00e0 son\u00a0<\/span><span class=\"NormalTextRun SCXW243042709 BCX0\">arri\u00e8re<\/span><span class=\"NormalTextRun SCXW243042709 BCX0\">\u00a0pour placer son\u00a0<\/span><span class=\"NormalTextRun SCXW243042709 BCX0\">ordinateur<\/span><span class=\"NormalTextRun SCXW243042709 BCX0\">\u00a0portable\u00a0<\/span><span class=\"NormalTextRun SCXW243042709 BCX0\">ou<\/span><span class=\"NormalTextRun SCXW243042709 BCX0\">\u00a0<\/span><\/span><span class=\"TextRun SCXW243042709 BCX0\" lang=\"en-us\" xml:lang=\"en-us\"><span class=\"NormalTextRun SCXW243042709 BCX0\">une<\/span><\/span><span class=\"TextRun SCXW243042709 BCX0\" lang=\"en-us\" xml:lang=\"en-us\"><span class=\"NormalTextRun SCXW243042709 BCX0\">\u00a0<\/span><\/span><span class=\"TextRun SCXW243042709 BCX0\" lang=\"en-us\" xml:lang=\"en-us\"><span class=\"NormalTextRun SCXW243042709 BCX0\">tablette<\/span><\/span><span class=\"TextRun SCXW243042709 BCX0\" lang=\"en-us\" xml:lang=\"en-us\"><span class=\"NormalTextRun SCXW243042709 BCX0\">..<\/span><\/span><span class=\"EOP SCXW243042709 BCX0\">\u00a0<\/span><\/p>\n","protected":false},"featured_media":3092,"comment_status":"open","ping_status":"closed","template":"","meta":{"_acf_changed":false},"product_brand":[],"product_cat":[81],"product_tag":[],"class_list":{"0":"post-3091","1":"product","2":"type-product","3":"status-publish","4":"has-post-thumbnail","6":"product_cat-pupitres-de-conference","8":"first","9":"instock","10":"shipping-taxable","11":"product-type-simple"},"acf":[],"aioseo_notices":[],"_links":{"self":[{"href":"https:\/\/methni-prosound.com\/index.php\/wp-json\/wp\/v2\/product\/3091","targetHints":{"allow":["GET"]}}],"collection":[{"href":"https:\/\/methni-prosound.com\/index.php\/wp-json\/wp\/v2\/product"}],"about":[{"href":"https:\/\/methni-prosound.com\/index.php\/wp-json\/wp\/v2\/types\/product"}],"replies":[{"embeddable":true,"href":"https:\/\/methni-prosound.com\/index.php\/wp-json\/wp\/v2\/comments?post=3091"}],"wp:featuredmedia":[{"embeddable":true,"href":"https:\/\/methni-prosound.com\/index.php\/wp-json\/wp\/v2\/media\/3092"}],"wp:attachment":[{"href":"https:\/\/methni-prosound.com\/index.php\/wp-json\/wp\/v2\/media?parent=3091"}],"wp:term":[{"taxonomy":"product_brand","embeddable":true,"href":"https:\/\/methni-prosound.com\/index.php\/wp-json\/wp\/v2\/product_brand?post=3091"},{"taxonomy":"product_cat","embeddable":true,"href":"https:\/\/methni-prosound.com\/index.php\/wp-json\/wp\/v2\/product_cat?post=3091"},{"taxonomy":"product_tag","embeddable":true,"href":"https:\/\/methni-prosound.com\/index.php\/wp-json\/wp\/v2\/product_tag?post=3091"}],"curies":[{"name":"wp","href":"https:\/\/api.w.org\/{rel}","templated":true}]}}