{"id":3096,"date":"2026-01-11T20:58:23","date_gmt":"2026-01-11T20:58:23","guid":{"rendered":"https:\/\/methni-prosound.com\/?post_type=product&#038;p=3096"},"modified":"2026-01-11T21:00:57","modified_gmt":"2026-01-11T21:00:57","slug":"pupitre-de-conference-en-plexiglas-grand-modele","status":"publish","type":"product","link":"https:\/\/methni-prosound.com\/index.php\/product\/pupitre-de-conference-en-plexiglas-grand-modele\/","title":{"rendered":"Pupitre de conf\u00e9rence en plexiglas (grand mod\u00e8le)"},"content":{"rendered":"<ul>\n<li><span class=\"TextRun SCXW55624132 BCX0\" lang=\"en-us\" xml:lang=\"en-us\"><span class=\"NormalTextRun SCXW55624132 BCX0\">Dimension\u00a0<\/span><\/span><span class=\"TextRun SCXW55624132 BCX0\" lang=\"en-us\" xml:lang=\"en-us\"><span class=\"NormalTextRun SCXW55624132 BCX0\">Tablette<\/span><\/span><span class=\"TextRun SCXW55624132 BCX0\" lang=\"en-us\" xml:lang=\"en-us\"><span class=\"NormalTextRun SCXW55624132 BCX0\">\u00a0<\/span><\/span><span class=\"TextRun SCXW55624132 BCX0\" lang=\"en-us\" xml:lang=\"en-us\"><span class=\"NormalTextRun SCXW55624132 BCX0\">\u00e9critoire<\/span><\/span><span class=\"TextRun SCXW55624132 BCX0\" lang=\"en-us\" xml:lang=\"en-us\"><span class=\"NormalTextRun SCXW55624132 BCX0\">\u00a0:\u00a050 x 60 cm<\/span><\/span><span class=\"EOP SCXW55624132 BCX0\">\u00a0<\/span><\/li>\n<li><span class=\"TextRun SCXW55624132 BCX0\" lang=\"en-us\" xml:lang=\"en-us\"><span class=\"NormalTextRun SCXW55624132 BCX0\">Mat\u00e9riau<\/span><\/span><span class=\"TextRun SCXW55624132 BCX0\" lang=\"en-us\" xml:lang=\"en-us\"><span class=\"NormalTextRun SCXW55624132 BCX0\">\u00a0<\/span><\/span><span class=\"TextRun SCXW55624132 BCX0\" lang=\"en-us\" xml:lang=\"en-us\"><span class=\"NormalTextRun SCXW55624132 BCX0\">tr\u00e8s<\/span><\/span><span class=\"TextRun SCXW55624132 BCX0\" lang=\"en-us\" xml:lang=\"en-us\"><span class=\"NormalTextRun SCXW55624132 BCX0\">\u00a0<\/span><\/span><span class=\"TextRun SCXW55624132 BCX0\" lang=\"en-us\" xml:lang=\"en-us\"><span class=\"NormalTextRun SCXW55624132 BCX0\">r\u00e9sistant<\/span><\/span><span class=\"TextRun SCXW55624132 BCX0\" lang=\"en-us\" xml:lang=\"en-us\"><span class=\"NormalTextRun SCXW55624132 BCX0\">\u00a0aux chocs et\u00a0<\/span><\/span><span class=\"TextRun SCXW55624132 BCX0\" lang=\"en-us\" xml:lang=\"en-us\"><span class=\"NormalTextRun SCXW55624132 BCX0\">rayures<\/span><\/span><span class=\"EOP SCXW55624132 BCX0\">\u00a0<\/span><\/li>\n<li><span class=\"TextRun SCXW55624132 BCX0\" lang=\"en-us\" xml:lang=\"en-us\"><span class=\"NormalTextRun SCXW55624132 BCX0\">Fabrication dans\u00a0<\/span><\/span><span class=\"TextRun SCXW55624132 BCX0\" lang=\"en-us\" xml:lang=\"en-us\"><span class=\"NormalTextRun SCXW55624132 BCX0\">nos<\/span><\/span><span class=\"TextRun SCXW55624132 BCX0\" lang=\"en-us\" xml:lang=\"en-us\"><span class=\"NormalTextRun SCXW55624132 BCX0\">\u00a0ateliers<\/span><\/span><span class=\"EOP SCXW55624132 BCX0\">\u00a0<\/span><\/li>\n<li><span class=\"TextRun SCXW55624132 BCX0\" lang=\"en-us\" xml:lang=\"en-us\"><span class=\"NormalTextRun SCXW55624132 BCX0\">Poids<\/span><\/span><span class=\"TextRun SCXW55624132 BCX0\" lang=\"en-us\" xml:lang=\"en-us\"><span class=\"NormalTextRun SCXW55624132 BCX0\">\u00a0total du\u00a0<\/span><\/span><span class=\"TextRun SCXW55624132 BCX0\" lang=\"en-us\" xml:lang=\"en-us\"><span class=\"NormalTextRun SCXW55624132 BCX0\">pupitre<\/span><\/span><span class=\"TextRun SCXW55624132 BCX0\" lang=\"en-us\" xml:lang=\"en-us\"><span class=\"NormalTextRun SCXW55624132 BCX0\">\u00a018\u00a0kg<\/span><\/span><span class=\"EOP SCXW55624132 BCX0\">\u00a0<\/span><\/li>\n<li><span class=\"TextRun SCXW55624132 BCX0\" lang=\"en-us\" xml:lang=\"en-us\"><span class=\"NormalTextRun SCXW55624132 BCX0\">1 an de\u00a0<\/span><\/span><span class=\"TextRun SCXW55624132 BCX0\" lang=\"en-us\" xml:lang=\"en-us\"><span class=\"NormalTextRun SCXW55624132 BCX0\">garantie<\/span><\/span><span class=\"TextRun SCXW55624132 BCX0\" lang=\"en-us\" xml:lang=\"en-us\"><span class=\"NormalTextRun SCXW55624132 BCX0\">\u00a0<\/span><\/span><span class=\"TextRun SCXW55624132 BCX0\" lang=\"en-us\" xml:lang=\"en-us\"><span class=\"NormalTextRun SCXW55624132 BCX0\">contre<\/span><\/span><span class=\"TextRun SCXW55624132 BCX0\" lang=\"en-us\" xml:lang=\"en-us\"><span class=\"NormalTextRun SCXW55624132 BCX0\">\u00a0tout\u00a0<\/span><\/span><span class=\"TextRun SCXW55624132 BCX0\" lang=\"en-us\" xml:lang=\"en-us\"><span class=\"NormalTextRun SCXW55624132 BCX0\">d\u00e9faut<\/span><\/span><span class=\"TextRun SCXW55624132 BCX0\" lang=\"en-us\" xml:lang=\"en-us\"><span class=\"NormalTextRun SCXW55624132 BCX0\">\u00a0de fabrication<\/span><\/span><span class=\"EOP SCXW55624132 BCX0\">\u00a0<\/span><\/li>\n<\/ul>\n","protected":false},"excerpt":{"rendered":"<p>Ce\u00a0<strong>pupitre de conf\u00e9rence en plexiglas<\/strong>\u00a0<strong>grand format<\/strong>\u00a0peut \u00eatre \u00e9quip\u00e9 d&#8217;un support pour fixer un \u00e9cran de t\u00e9l\u00e9vision. Cela permet aux orateurs d&#8217;afficher des pr\u00e9sentations num\u00e9riques, des vid\u00e9os ou des visuels directement sur le pupitre.<\/p>\n","protected":false},"featured_media":3098,"comment_status":"open","ping_status":"closed","template":"","meta":{"_acf_changed":false},"product_brand":[],"product_cat":[81],"product_tag":[],"class_list":{"0":"post-3096","1":"product","2":"type-product","3":"status-publish","4":"has-post-thumbnail","6":"product_cat-pupitres-de-conference","8":"first","9":"instock","10":"shipping-taxable","11":"product-type-simple"},"acf":[],"aioseo_notices":[],"_links":{"self":[{"href":"https:\/\/methni-prosound.com\/index.php\/wp-json\/wp\/v2\/product\/3096","targetHints":{"allow":["GET"]}}],"collection":[{"href":"https:\/\/methni-prosound.com\/index.php\/wp-json\/wp\/v2\/product"}],"about":[{"href":"https:\/\/methni-prosound.com\/index.php\/wp-json\/wp\/v2\/types\/product"}],"replies":[{"embeddable":true,"href":"https:\/\/methni-prosound.com\/index.php\/wp-json\/wp\/v2\/comments?post=3096"}],"wp:featuredmedia":[{"embeddable":true,"href":"https:\/\/methni-prosound.com\/index.php\/wp-json\/wp\/v2\/media\/3098"}],"wp:attachment":[{"href":"https:\/\/methni-prosound.com\/index.php\/wp-json\/wp\/v2\/media?parent=3096"}],"wp:term":[{"taxonomy":"product_brand","embeddable":true,"href":"https:\/\/methni-prosound.com\/index.php\/wp-json\/wp\/v2\/product_brand?post=3096"},{"taxonomy":"product_cat","embeddable":true,"href":"https:\/\/methni-prosound.com\/index.php\/wp-json\/wp\/v2\/product_cat?post=3096"},{"taxonomy":"product_tag","embeddable":true,"href":"https:\/\/methni-prosound.com\/index.php\/wp-json\/wp\/v2\/product_tag?post=3096"}],"curies":[{"name":"wp","href":"https:\/\/api.w.org\/{rel}","templated":true}]}}