{"id":3102,"date":"2026-01-11T21:03:39","date_gmt":"2026-01-11T21:03:39","guid":{"rendered":"https:\/\/methni-prosound.com\/?post_type=product&#038;p=3102"},"modified":"2026-01-11T21:10:09","modified_gmt":"2026-01-11T21:10:09","slug":"pupitre-de-conference-mixte-en-bois-et-en-plexi","status":"publish","type":"product","link":"https:\/\/methni-prosound.com\/index.php\/product\/pupitre-de-conference-mixte-en-bois-et-en-plexi\/","title":{"rendered":"Pupitre de conf\u00e9rence mixte en bois et en plexi"},"content":{"rendered":"<ul>\n<li>Fabriqu\u00e9 en\u00a0Plexiglass et en bois<\/li>\n<li><span class=\"TextRun SCXW55624132 BCX0\" lang=\"en-us\" xml:lang=\"en-us\"><span class=\"NormalTextRun SCXW55624132 BCX0\">Dimension\u00a0<\/span><\/span><span class=\"TextRun SCXW55624132 BCX0\" lang=\"en-us\" xml:lang=\"en-us\"><span class=\"NormalTextRun SCXW55624132 BCX0\">Tablette<\/span><\/span><span class=\"TextRun SCXW55624132 BCX0\" lang=\"en-us\" xml:lang=\"en-us\"><span class=\"NormalTextRun SCXW55624132 BCX0\">\u00a0<\/span><\/span><span class=\"TextRun SCXW55624132 BCX0\" lang=\"en-us\" xml:lang=\"en-us\"><span class=\"NormalTextRun SCXW55624132 BCX0\">\u00e9critoire<\/span><\/span><span class=\"TextRun SCXW55624132 BCX0\" lang=\"en-us\" xml:lang=\"en-us\"><span class=\"NormalTextRun SCXW55624132 BCX0\">\u00a0:\u00a049 x 59cm<\/span><\/span><span class=\"EOP SCXW55624132 BCX0\">\u00a0<\/span><\/li>\n<li><span class=\"TextRun SCXW55624132 BCX0\" lang=\"en-us\" xml:lang=\"en-us\"><span class=\"NormalTextRun SCXW55624132 BCX0\">Mat\u00e9riau<\/span><\/span><span class=\"TextRun SCXW55624132 BCX0\" lang=\"en-us\" xml:lang=\"en-us\"><span class=\"NormalTextRun SCXW55624132 BCX0\">\u00a0<\/span><\/span><span class=\"TextRun SCXW55624132 BCX0\" lang=\"en-us\" xml:lang=\"en-us\"><span class=\"NormalTextRun SCXW55624132 BCX0\">tr\u00e8s<\/span><\/span><span class=\"TextRun SCXW55624132 BCX0\" lang=\"en-us\" xml:lang=\"en-us\"><span class=\"NormalTextRun SCXW55624132 BCX0\">\u00a0<\/span><\/span><span class=\"TextRun SCXW55624132 BCX0\" lang=\"en-us\" xml:lang=\"en-us\"><span class=\"NormalTextRun SCXW55624132 BCX0\">r\u00e9sistant<\/span><\/span><span class=\"TextRun SCXW55624132 BCX0\" lang=\"en-us\" xml:lang=\"en-us\"><span class=\"NormalTextRun SCXW55624132 BCX0\">\u00a0aux chocs et\u00a0<\/span><\/span><span class=\"TextRun SCXW55624132 BCX0\" lang=\"en-us\" xml:lang=\"en-us\"><span class=\"NormalTextRun SCXW55624132 BCX0\">rayures<\/span><\/span><span class=\"EOP SCXW55624132 BCX0\">\u00a0<\/span><\/li>\n<li><span class=\"TextRun SCXW55624132 BCX0\" lang=\"en-us\" xml:lang=\"en-us\"><span class=\"NormalTextRun SCXW55624132 BCX0\">Fabrication dans\u00a0<\/span><\/span><span class=\"TextRun SCXW55624132 BCX0\" lang=\"en-us\" xml:lang=\"en-us\"><span class=\"NormalTextRun SCXW55624132 BCX0\">nos<\/span><\/span><span class=\"TextRun SCXW55624132 BCX0\" lang=\"en-us\" xml:lang=\"en-us\"><span class=\"NormalTextRun SCXW55624132 BCX0\">\u00a0ateliers<\/span><\/span><span class=\"EOP SCXW55624132 BCX0\">\u00a0<\/span><\/li>\n<li><span class=\"TextRun SCXW55624132 BCX0\" lang=\"en-us\" xml:lang=\"en-us\"><span class=\"NormalTextRun SCXW55624132 BCX0\">1 an de\u00a0<\/span><\/span><span class=\"TextRun SCXW55624132 BCX0\" lang=\"en-us\" xml:lang=\"en-us\"><span class=\"NormalTextRun SCXW55624132 BCX0\">garantie<\/span><\/span><span class=\"TextRun SCXW55624132 BCX0\" lang=\"en-us\" xml:lang=\"en-us\"><span class=\"NormalTextRun SCXW55624132 BCX0\">\u00a0<\/span><\/span><span class=\"TextRun SCXW55624132 BCX0\" lang=\"en-us\" xml:lang=\"en-us\"><span class=\"NormalTextRun SCXW55624132 BCX0\">contre<\/span><\/span><span class=\"TextRun SCXW55624132 BCX0\" lang=\"en-us\" xml:lang=\"en-us\"><span class=\"NormalTextRun SCXW55624132 BCX0\">\u00a0tout\u00a0<\/span><\/span><span class=\"TextRun SCXW55624132 BCX0\" lang=\"en-us\" xml:lang=\"en-us\"><span class=\"NormalTextRun SCXW55624132 BCX0\">d\u00e9faut<\/span><\/span><span class=\"TextRun SCXW55624132 BCX0\" lang=\"en-us\" xml:lang=\"en-us\"><span class=\"NormalTextRun SCXW55624132 BCX0\">\u00a0de fabrication<\/span><\/span><span class=\"EOP SCXW55624132 BCX0\">\u00a0<\/span><\/li>\n<\/ul>\n","protected":false},"excerpt":{"rendered":"<p style=\"font-weight: 400;\">Son esth\u00e9tisme contemporain et \u00e9pur\u00e9 s&#8217;int\u00e8gre parfaitement dans un hall d&#8217;accueil de restaurant ou d&#8217;un amphith\u00e9\u00e2tre d&#8217;universit\u00e9.\u00a0 Grace \u00e0\u00a0l&#8217;inclinaison\u00a0de la\u00a0tablette, la lecture et\u00a0l&#8217;\u00e9criture\u00a0de documents\u00a0est\u00a0simple et pratique.\u00a0Il vous offre la possibilit\u00e9 de ranger des documents de formats A4, A3 et A2 .<\/p>\n","protected":false},"featured_media":3103,"comment_status":"open","ping_status":"closed","template":"","meta":{"_acf_changed":false},"product_brand":[],"product_cat":[81],"product_tag":[],"class_list":{"0":"post-3102","1":"product","2":"type-product","3":"status-publish","4":"has-post-thumbnail","6":"product_cat-pupitres-de-conference","8":"first","9":"instock","10":"shipping-taxable","11":"product-type-simple"},"acf":[],"aioseo_notices":[],"_links":{"self":[{"href":"https:\/\/methni-prosound.com\/index.php\/wp-json\/wp\/v2\/product\/3102","targetHints":{"allow":["GET"]}}],"collection":[{"href":"https:\/\/methni-prosound.com\/index.php\/wp-json\/wp\/v2\/product"}],"about":[{"href":"https:\/\/methni-prosound.com\/index.php\/wp-json\/wp\/v2\/types\/product"}],"replies":[{"embeddable":true,"href":"https:\/\/methni-prosound.com\/index.php\/wp-json\/wp\/v2\/comments?post=3102"}],"wp:featuredmedia":[{"embeddable":true,"href":"https:\/\/methni-prosound.com\/index.php\/wp-json\/wp\/v2\/media\/3103"}],"wp:attachment":[{"href":"https:\/\/methni-prosound.com\/index.php\/wp-json\/wp\/v2\/media?parent=3102"}],"wp:term":[{"taxonomy":"product_brand","embeddable":true,"href":"https:\/\/methni-prosound.com\/index.php\/wp-json\/wp\/v2\/product_brand?post=3102"},{"taxonomy":"product_cat","embeddable":true,"href":"https:\/\/methni-prosound.com\/index.php\/wp-json\/wp\/v2\/product_cat?post=3102"},{"taxonomy":"product_tag","embeddable":true,"href":"https:\/\/methni-prosound.com\/index.php\/wp-json\/wp\/v2\/product_tag?post=3102"}],"curies":[{"name":"wp","href":"https:\/\/api.w.org\/{rel}","templated":true}]}}