{"id":3217,"date":"2026-01-12T12:04:44","date_gmt":"2026-01-12T12:04:44","guid":{"rendered":"https:\/\/methni-prosound.com\/?post_type=product&#038;p=3217"},"modified":"2026-01-12T12:07:50","modified_gmt":"2026-01-12T12:07:50","slug":"dabka-diametre-38cm-qualite-professionnelle-avec-etui-et-battants","status":"publish","type":"product","link":"https:\/\/methni-prosound.com\/index.php\/product\/dabka-diametre-38cm-qualite-professionnelle-avec-etui-et-battants\/","title":{"rendered":"Dabka diam\u00e8tre 38cm qualit\u00e9 professionnelle avec \u00e9tui et battants"},"content":{"rendered":"<ul>\n<li>1 an de garantie contre tout d\u00e9faut de fabrication<\/li>\n<li>Made in Tunisia<\/li>\n<\/ul>\n","protected":false},"excerpt":{"rendered":"<p>1 an de garantie contre tout d\u00e9faut de fabrication Made in Tunisia<\/p>\n","protected":false},"featured_media":3218,"comment_status":"open","ping_status":"closed","template":"","meta":{"_acf_changed":false},"product_brand":[],"product_cat":[83],"product_tag":[],"class_list":{"0":"post-3217","1":"product","2":"type-product","3":"status-publish","4":"has-post-thumbnail","6":"product_cat-dabka","8":"first","9":"instock","10":"shipping-taxable","11":"product-type-simple"},"acf":[],"aioseo_notices":[],"_links":{"self":[{"href":"https:\/\/methni-prosound.com\/index.php\/wp-json\/wp\/v2\/product\/3217","targetHints":{"allow":["GET"]}}],"collection":[{"href":"https:\/\/methni-prosound.com\/index.php\/wp-json\/wp\/v2\/product"}],"about":[{"href":"https:\/\/methni-prosound.com\/index.php\/wp-json\/wp\/v2\/types\/product"}],"replies":[{"embeddable":true,"href":"https:\/\/methni-prosound.com\/index.php\/wp-json\/wp\/v2\/comments?post=3217"}],"wp:featuredmedia":[{"embeddable":true,"href":"https:\/\/methni-prosound.com\/index.php\/wp-json\/wp\/v2\/media\/3218"}],"wp:attachment":[{"href":"https:\/\/methni-prosound.com\/index.php\/wp-json\/wp\/v2\/media?parent=3217"}],"wp:term":[{"taxonomy":"product_brand","embeddable":true,"href":"https:\/\/methni-prosound.com\/index.php\/wp-json\/wp\/v2\/product_brand?post=3217"},{"taxonomy":"product_cat","embeddable":true,"href":"https:\/\/methni-prosound.com\/index.php\/wp-json\/wp\/v2\/product_cat?post=3217"},{"taxonomy":"product_tag","embeddable":true,"href":"https:\/\/methni-prosound.com\/index.php\/wp-json\/wp\/v2\/product_tag?post=3217"}],"curies":[{"name":"wp","href":"https:\/\/api.w.org\/{rel}","templated":true}]}}