{"id":3256,"date":"2026-01-12T14:13:53","date_gmt":"2026-01-12T14:13:53","guid":{"rendered":"https:\/\/methni-prosound.com\/?post_type=product&#038;p=3256"},"modified":"2026-01-12T14:18:29","modified_gmt":"2026-01-12T14:18:29","slug":"housse-transaprente-pour-darbouka-folklorique-avec-sangles-de-maintien","status":"publish","type":"product","link":"https:\/\/methni-prosound.com\/index.php\/product\/housse-transaprente-pour-darbouka-folklorique-avec-sangles-de-maintien\/","title":{"rendered":"Housse transaprente pour darbouka folklorique avec sangles de maintien"},"content":{"rendered":"<ul>\n<li>\n<p data-path-to-node=\"2,0,0\">Contrairement aux housses classiques en nylon noir, ce mod\u00e8le est fabriqu\u00e9 en <b data-path-to-node=\"2,0,0\" data-index-in-node=\"100\">PVC transparent<\/b> haute r\u00e9sistance. Cela permet de garder l&#8217;instrument visible, transformant la housse en une v\u00e9ritable vitrine d&#8217;exposition mobile.<\/p>\n<\/li>\n<\/ul>\n","protected":false},"excerpt":{"rendered":"<p>Contrairement aux housses classiques en nylon noir, ce mod\u00e8le est fabriqu\u00e9 en PVC transparent haute r\u00e9sistance. Cela permet de garder l&#8217;instrument visible, transformant la housse en une v\u00e9ritable vitrine d&#8217;exposition mobile.<\/p>\n","protected":false},"featured_media":3257,"comment_status":"open","ping_status":"closed","template":"","meta":{"_acf_changed":false},"product_brand":[],"product_cat":[77],"product_tag":[],"class_list":{"0":"post-3256","1":"product","2":"type-product","3":"status-publish","4":"has-post-thumbnail","6":"product_cat-accessoires","8":"first","9":"instock","10":"shipping-taxable","11":"product-type-simple"},"acf":[],"aioseo_notices":[],"_links":{"self":[{"href":"https:\/\/methni-prosound.com\/index.php\/wp-json\/wp\/v2\/product\/3256","targetHints":{"allow":["GET"]}}],"collection":[{"href":"https:\/\/methni-prosound.com\/index.php\/wp-json\/wp\/v2\/product"}],"about":[{"href":"https:\/\/methni-prosound.com\/index.php\/wp-json\/wp\/v2\/types\/product"}],"replies":[{"embeddable":true,"href":"https:\/\/methni-prosound.com\/index.php\/wp-json\/wp\/v2\/comments?post=3256"}],"wp:featuredmedia":[{"embeddable":true,"href":"https:\/\/methni-prosound.com\/index.php\/wp-json\/wp\/v2\/media\/3257"}],"wp:attachment":[{"href":"https:\/\/methni-prosound.com\/index.php\/wp-json\/wp\/v2\/media?parent=3256"}],"wp:term":[{"taxonomy":"product_brand","embeddable":true,"href":"https:\/\/methni-prosound.com\/index.php\/wp-json\/wp\/v2\/product_brand?post=3256"},{"taxonomy":"product_cat","embeddable":true,"href":"https:\/\/methni-prosound.com\/index.php\/wp-json\/wp\/v2\/product_cat?post=3256"},{"taxonomy":"product_tag","embeddable":true,"href":"https:\/\/methni-prosound.com\/index.php\/wp-json\/wp\/v2\/product_tag?post=3256"}],"curies":[{"name":"wp","href":"https:\/\/api.w.org\/{rel}","templated":true}]}}