{"id":3290,"date":"2026-02-12T18:51:37","date_gmt":"2026-02-12T18:51:37","guid":{"rendered":"https:\/\/methni-prosound.com\/?post_type=product&#038;p=3290"},"modified":"2026-02-12T19:00:38","modified_gmt":"2026-02-12T19:00:38","slug":"rebab","status":"publish","type":"product","link":"https:\/\/methni-prosound.com\/index.php\/product\/rebab\/","title":{"rendered":"Rebab"},"content":{"rendered":"<ul>\n<li>\n<p data-path-to-node=\"5,0,0\">Corps (Caisse de r\u00e9sonance) : Structure monoxyle (taill\u00e9e dans une seule pi\u00e8ce de bois sombre) compos\u00e9e de deux parties distinctes:<\/p>\n<ul data-path-to-node=\"5,0,1\">\n<li>\n<p data-path-to-node=\"5,0,1,0,0\">La partie inf\u00e9rieure, recouverte d&#8217;une peau de ch\u00e8vre ou de parchemin.<\/p>\n<\/li>\n<li>\n<p data-path-to-node=\"5,0,1,1,0\">La partie sup\u00e9rieure, souvent recouverte d&#8217;une plaque de cuivre ou de bois finement cisel\u00e9e.<\/p>\n<\/li>\n<\/ul>\n<\/li>\n<li>\n<p data-path-to-node=\"5,2,0\">Cordes : mont\u00e9 avec deux cordes en boyau produisant un son profond, nasal et tr\u00e8s m\u00e9lodique.<\/p>\n<\/li>\n<li>\n<p data-path-to-node=\"5,3,0\">Archet : De forme convexe (tr\u00e8s arqu\u00e9), il est plus court et plus robuste qu&#8217;un archet de violon classique.<\/p>\n<\/li>\n<li>\n<p data-path-to-node=\"5,4,0\">Accessoires :\u00a0 une petite cl\u00e9 de serrage m\u00e9tallique utilis\u00e9e pour ajuster la tension ou l&#8217;entretien.<\/p>\n<\/li>\n<\/ul>\n","protected":false},"excerpt":{"rendered":"<p>Corps (Caisse de r\u00e9sonance) : Structure monoxyle (taill\u00e9e dans une seule pi\u00e8ce de bois sombre) compos\u00e9e de deux parties distinctes: La partie inf\u00e9rieure, recouverte d&#8217;une peau de ch\u00e8vre ou de parchemin. La partie sup\u00e9rieure, souvent recouverte d&#8217;une plaque de cuivre ou de bois finement cisel\u00e9e. Cordes : mont\u00e9 avec deux cordes en boyau produisant un [&hellip;]<\/p>\n","protected":false},"featured_media":3302,"comment_status":"open","ping_status":"closed","template":"","meta":{"_acf_changed":false},"product_brand":[],"product_cat":[85,88],"product_tag":[],"class_list":{"0":"post-3290","1":"product","2":"type-product","3":"status-publish","4":"has-post-thumbnail","6":"product_cat-autres","7":"product_cat-rebab","9":"first","10":"instock","11":"shipping-taxable","12":"product-type-simple"},"acf":[],"aioseo_notices":[],"_links":{"self":[{"href":"https:\/\/methni-prosound.com\/index.php\/wp-json\/wp\/v2\/product\/3290","targetHints":{"allow":["GET"]}}],"collection":[{"href":"https:\/\/methni-prosound.com\/index.php\/wp-json\/wp\/v2\/product"}],"about":[{"href":"https:\/\/methni-prosound.com\/index.php\/wp-json\/wp\/v2\/types\/product"}],"replies":[{"embeddable":true,"href":"https:\/\/methni-prosound.com\/index.php\/wp-json\/wp\/v2\/comments?post=3290"}],"wp:featuredmedia":[{"embeddable":true,"href":"https:\/\/methni-prosound.com\/index.php\/wp-json\/wp\/v2\/media\/3302"}],"wp:attachment":[{"href":"https:\/\/methni-prosound.com\/index.php\/wp-json\/wp\/v2\/media?parent=3290"}],"wp:term":[{"taxonomy":"product_brand","embeddable":true,"href":"https:\/\/methni-prosound.com\/index.php\/wp-json\/wp\/v2\/product_brand?post=3290"},{"taxonomy":"product_cat","embeddable":true,"href":"https:\/\/methni-prosound.com\/index.php\/wp-json\/wp\/v2\/product_cat?post=3290"},{"taxonomy":"product_tag","embeddable":true,"href":"https:\/\/methni-prosound.com\/index.php\/wp-json\/wp\/v2\/product_tag?post=3290"}],"curies":[{"name":"wp","href":"https:\/\/api.w.org\/{rel}","templated":true}]}}