{"id":3297,"date":"2026-02-12T14:09:50","date_gmt":"2026-02-12T14:09:50","guid":{"rendered":"https:\/\/methni-prosound.com\/?post_type=product&#038;p=3297"},"modified":"2026-02-12T14:10:20","modified_gmt":"2026-02-12T14:10:20","slug":"bouzouk","status":"publish","type":"product","link":"https:\/\/methni-prosound.com\/index.php\/product\/bouzouk\/","title":{"rendered":"Bouzouk"},"content":{"rendered":"<ul>\n<li>\n<p data-path-to-node=\"2,1,0\">Le Manche : Il est long et muni de frettes (ligatures), permettant de jouer les gammes quart de ton.<\/p>\n<\/li>\n<li>\n<p data-path-to-node=\"2,2,0\">Les M\u00e9caniques : Ce mod\u00e8le utilise des m\u00e9caniques de guitare , ce qui est tr\u00e8s courant sur les Bouzouks modernes pour faciliter l&#8217;accordage des cordes en acier.<\/p>\n<\/li>\n<li>\n<p data-path-to-node=\"2,3,0\">La D\u00e9coration : Les motifs noirs sur la table et le filet d\u00e9coratif sur le pourtour sont caract\u00e9ristiques de la fabrication artisanale de cet instrument, tr\u00e8s populaire dans la musique levantine (Liban, Syrie, Palestine, Jordanie).<\/p>\n<\/li>\n<\/ul>\n","protected":false},"excerpt":{"rendered":"<p>Le Manche : Il est long et muni de frettes (ligatures), permettant de jouer les gammes quart de ton. Les M\u00e9caniques : Ce mod\u00e8le utilise des m\u00e9caniques de guitare , ce qui est tr\u00e8s courant sur les Bouzouks modernes pour faciliter l&#8217;accordage des cordes en acier. La D\u00e9coration : Les motifs noirs sur la table [&hellip;]<\/p>\n","protected":false},"featured_media":3298,"comment_status":"open","ping_status":"closed","template":"","meta":{"_acf_changed":false},"product_brand":[],"product_cat":[85,86],"product_tag":[],"class_list":{"0":"post-3297","1":"product","2":"type-product","3":"status-publish","4":"has-post-thumbnail","6":"product_cat-autres","7":"product_cat-bouzouk","9":"first","10":"instock","11":"shipping-taxable","12":"product-type-simple"},"acf":[],"aioseo_notices":[],"_links":{"self":[{"href":"https:\/\/methni-prosound.com\/index.php\/wp-json\/wp\/v2\/product\/3297","targetHints":{"allow":["GET"]}}],"collection":[{"href":"https:\/\/methni-prosound.com\/index.php\/wp-json\/wp\/v2\/product"}],"about":[{"href":"https:\/\/methni-prosound.com\/index.php\/wp-json\/wp\/v2\/types\/product"}],"replies":[{"embeddable":true,"href":"https:\/\/methni-prosound.com\/index.php\/wp-json\/wp\/v2\/comments?post=3297"}],"wp:featuredmedia":[{"embeddable":true,"href":"https:\/\/methni-prosound.com\/index.php\/wp-json\/wp\/v2\/media\/3298"}],"wp:attachment":[{"href":"https:\/\/methni-prosound.com\/index.php\/wp-json\/wp\/v2\/media?parent=3297"}],"wp:term":[{"taxonomy":"product_brand","embeddable":true,"href":"https:\/\/methni-prosound.com\/index.php\/wp-json\/wp\/v2\/product_brand?post=3297"},{"taxonomy":"product_cat","embeddable":true,"href":"https:\/\/methni-prosound.com\/index.php\/wp-json\/wp\/v2\/product_cat?post=3297"},{"taxonomy":"product_tag","embeddable":true,"href":"https:\/\/methni-prosound.com\/index.php\/wp-json\/wp\/v2\/product_tag?post=3297"}],"curies":[{"name":"wp","href":"https:\/\/api.w.org\/{rel}","templated":true}]}}